{"id":1245,"date":"2015-07-16T05:14:25","date_gmt":"2015-07-16T05:14:25","guid":{"rendered":"http:\/\/masterstudy.stylemixthemes.com\/demo\/?page_id=1245"},"modified":"2021-12-03T13:11:17","modified_gmt":"2021-12-03T13:11:17","slug":"typography","status":"publish","type":"page","link":"http:\/\/colegiosabioviver.com.br\/?page_id=1245","title":{"rendered":"Galeria de Fotos"},"content":{"rendered":"<div class=\"vc_row wpb_row vc_row-fluid\"><div class=\"wpb_column vc_column_container vc_col-sm-6\"><div class=\"wpb_wrapper\">\n\t<div class=\"wpb_text_column wpb_content_element \">\n\t\t<div class=\"wpb_wrapper\">\n\t\t\t\n\t\t<\/div> \n\t<\/div>\n<h2><strong><span style=\"color: inherit; font-size: 1.25em;\">Educa\u00e7\u00e3o Infantil<\/span><\/strong><\/h2>\n<div class=\"vc_separator wpb_content_element vc_sep_width_100 vc_sep_pos_align_center type_1\">\n<p><\/div><\/div><\/div>\n<\/div>\n\n\n<figure class=\"wp-block-gallery columns-3 is-cropped\"><ul class=\"blocks-gallery-grid\"><li class=\"blocks-gallery-item\"><figure><img loading=\"lazy\" width=\"1024\" height=\"678\" src=\"http:\/\/colegiosabioviver.com.br\/wp-content\/uploads\/2021\/12\/WhatsApp-Image-2021-12-01-at-12.16.06-1024x678.jpeg\" alt=\"\" data-id=\"2480\" data-full-url=\"http:\/\/colegiosabioviver.com.br\/wp-content\/uploads\/2021\/12\/WhatsApp-Image-2021-12-01-at-12.16.06.jpeg\" data-link=\"http:\/\/colegiosabioviver.com.br\/?attachment_id=2480\" class=\"wp-image-2480\" srcset=\"http:\/\/colegiosabioviver.com.br\/wp-content\/uploads\/2021\/12\/WhatsApp-Image-2021-12-01-at-12.16.06-1024x678.jpeg 1024w, http:\/\/colegiosabioviver.com.br\/wp-content\/uploads\/2021\/12\/WhatsApp-Image-2021-12-01-at-12.16.06-600x397.jpeg 600w, http:\/\/colegiosabioviver.com.br\/wp-content\/uploads\/2021\/12\/WhatsApp-Image-2021-12-01-at-12.16.06-300x199.jpeg 300w, http:\/\/colegiosabioviver.com.br\/wp-content\/uploads\/2021\/12\/WhatsApp-Image-2021-12-01-at-12.16.06-768x508.jpeg 768w, http:\/\/colegiosabioviver.com.br\/wp-content\/uploads\/2021\/12\/WhatsApp-Image-2021-12-01-at-12.16.06-270x180.jpeg 270w, http:\/\/colegiosabioviver.com.br\/wp-content\/uploads\/2021\/12\/WhatsApp-Image-2021-12-01-at-12.16.06.jpeg 1280w\" sizes=\"(max-width: 1024px) 100vw, 1024px\" \/><\/figure><\/li><li class=\"blocks-gallery-item\"><figure><img loading=\"lazy\" width=\"1024\" height=\"678\" src=\"http:\/\/colegiosabioviver.com.br\/wp-content\/uploads\/2021\/12\/WhatsApp-Image-2021-12-01-at-12.16.05-1024x678.jpeg\" alt=\"\" data-id=\"2479\" data-full-url=\"http:\/\/colegiosabioviver.com.br\/wp-content\/uploads\/2021\/12\/WhatsApp-Image-2021-12-01-at-12.16.05.jpeg\" data-link=\"http:\/\/colegiosabioviver.com.br\/?attachment_id=2479\" class=\"wp-image-2479\" srcset=\"http:\/\/colegiosabioviver.com.br\/wp-content\/uploads\/2021\/12\/WhatsApp-Image-2021-12-01-at-12.16.05-1024x678.jpeg 1024w, http:\/\/colegiosabioviver.com.br\/wp-content\/uploads\/2021\/12\/WhatsApp-Image-2021-12-01-at-12.16.05-600x397.jpeg 600w, http:\/\/colegiosabioviver.com.br\/wp-content\/uploads\/2021\/12\/WhatsApp-Image-2021-12-01-at-12.16.05-300x199.jpeg 300w, http:\/\/colegiosabioviver.com.br\/wp-content\/uploads\/2021\/12\/WhatsApp-Image-2021-12-01-at-12.16.05-768x508.jpeg 768w, http:\/\/colegiosabioviver.com.br\/wp-content\/uploads\/2021\/12\/WhatsApp-Image-2021-12-01-at-12.16.05-270x180.jpeg 270w, http:\/\/colegiosabioviver.com.br\/wp-content\/uploads\/2021\/12\/WhatsApp-Image-2021-12-01-at-12.16.05.jpeg 1280w\" sizes=\"(max-width: 1024px) 100vw, 1024px\" \/><\/figure><\/li><li class=\"blocks-gallery-item\"><figure><img loading=\"lazy\" width=\"1024\" height=\"768\" src=\"http:\/\/colegiosabioviver.com.br\/wp-content\/uploads\/2021\/12\/WhatsApp-Image-2021-12-01-at-12.16.05-2-1024x768.jpeg\" alt=\"\" data-id=\"2478\" data-full-url=\"http:\/\/colegiosabioviver.com.br\/wp-content\/uploads\/2021\/12\/WhatsApp-Image-2021-12-01-at-12.16.05-2.jpeg\" data-link=\"http:\/\/colegiosabioviver.com.br\/?attachment_id=2478\" class=\"wp-image-2478\" srcset=\"http:\/\/colegiosabioviver.com.br\/wp-content\/uploads\/2021\/12\/WhatsApp-Image-2021-12-01-at-12.16.05-2-1024x768.jpeg 1024w, http:\/\/colegiosabioviver.com.br\/wp-content\/uploads\/2021\/12\/WhatsApp-Image-2021-12-01-at-12.16.05-2-600x450.jpeg 600w, http:\/\/colegiosabioviver.com.br\/wp-content\/uploads\/2021\/12\/WhatsApp-Image-2021-12-01-at-12.16.05-2-300x225.jpeg 300w, http:\/\/colegiosabioviver.com.br\/wp-content\/uploads\/2021\/12\/WhatsApp-Image-2021-12-01-at-12.16.05-2-768x576.jpeg 768w, http:\/\/colegiosabioviver.com.br\/wp-content\/uploads\/2021\/12\/WhatsApp-Image-2021-12-01-at-12.16.05-2.jpeg 1280w\" sizes=\"(max-width: 1024px) 100vw, 1024px\" \/><\/figure><\/li><\/ul><\/figure>\n\n\n<div class=\"vc_row wpb_row vc_row-fluid\"><div class=\"wpb_column vc_column_container vc_col-sm-6\"><div class=\"wpb_wrapper\">\n\t<div class=\"wpb_text_column wpb_content_element \">\n\t\t<div class=\"wpb_wrapper\">\n\t\t\t\n\t\t<\/div> \n\t<\/div>\n<h2><strong>Fundamental e Ensino M\u00e9dio<\/strong><\/h2>\n<p><\/div><\/div><\/div>\n\n\n<div class=\"wp-block-group\"><div class=\"wp-block-group__inner-container\">\n<div class=\"wp-block-group\"><div class=\"wp-block-group__inner-container\">\n<div class=\"wp-block-columns\">\n<div class=\"wp-block-column\" style=\"flex-basis:100%\">\n<div class=\"wp-block-columns\">\n<div class=\"wp-block-column\" style=\"flex-basis:100%\">\n<figure class=\"wp-block-gallery columns-3 is-cropped\"><ul class=\"blocks-gallery-grid\"><li class=\"blocks-gallery-item\"><figure><img loading=\"lazy\" width=\"1024\" height=\"768\" src=\"http:\/\/colegiosabioviver.com.br\/wp-content\/uploads\/2021\/12\/WhatsApp-Image-2021-12-01-at-12.15.34.jpeg\" alt=\"\" data-id=\"2483\" data-full-url=\"http:\/\/colegiosabioviver.com.br\/wp-content\/uploads\/2021\/12\/WhatsApp-Image-2021-12-01-at-12.15.34.jpeg\" data-link=\"http:\/\/colegiosabioviver.com.br\/?attachment_id=2483\" class=\"wp-image-2483\" srcset=\"http:\/\/colegiosabioviver.com.br\/wp-content\/uploads\/2021\/12\/WhatsApp-Image-2021-12-01-at-12.15.34.jpeg 1024w, http:\/\/colegiosabioviver.com.br\/wp-content\/uploads\/2021\/12\/WhatsApp-Image-2021-12-01-at-12.15.34-600x450.jpeg 600w, http:\/\/colegiosabioviver.com.br\/wp-content\/uploads\/2021\/12\/WhatsApp-Image-2021-12-01-at-12.15.34-300x225.jpeg 300w, http:\/\/colegiosabioviver.com.br\/wp-content\/uploads\/2021\/12\/WhatsApp-Image-2021-12-01-at-12.15.34-768x576.jpeg 768w\" sizes=\"(max-width: 1024px) 100vw, 1024px\" \/><\/figure><\/li><li class=\"blocks-gallery-item\"><figure><img loading=\"lazy\" width=\"1024\" height=\"768\" src=\"http:\/\/colegiosabioviver.com.br\/wp-content\/uploads\/2021\/12\/WhatsApp-Image-2021-12-01-at-12.15.36-1.jpeg\" alt=\"\" data-id=\"2487\" data-full-url=\"http:\/\/colegiosabioviver.com.br\/wp-content\/uploads\/2021\/12\/WhatsApp-Image-2021-12-01-at-12.15.36-1.jpeg\" data-link=\"http:\/\/colegiosabioviver.com.br\/?attachment_id=2487\" class=\"wp-image-2487\" srcset=\"http:\/\/colegiosabioviver.com.br\/wp-content\/uploads\/2021\/12\/WhatsApp-Image-2021-12-01-at-12.15.36-1.jpeg 1024w, http:\/\/colegiosabioviver.com.br\/wp-content\/uploads\/2021\/12\/WhatsApp-Image-2021-12-01-at-12.15.36-1-600x450.jpeg 600w, http:\/\/colegiosabioviver.com.br\/wp-content\/uploads\/2021\/12\/WhatsApp-Image-2021-12-01-at-12.15.36-1-300x225.jpeg 300w, http:\/\/colegiosabioviver.com.br\/wp-content\/uploads\/2021\/12\/WhatsApp-Image-2021-12-01-at-12.15.36-1-768x576.jpeg 768w\" sizes=\"(max-width: 1024px) 100vw, 1024px\" \/><\/figure><\/li><li class=\"blocks-gallery-item\"><figure><img loading=\"lazy\" width=\"1024\" height=\"768\" src=\"http:\/\/colegiosabioviver.com.br\/wp-content\/uploads\/2021\/12\/WhatsApp-Image-2021-12-01-at-12.15.36-2.jpeg\" alt=\"\" data-id=\"2488\" data-full-url=\"http:\/\/colegiosabioviver.com.br\/wp-content\/uploads\/2021\/12\/WhatsApp-Image-2021-12-01-at-12.15.36-2.jpeg\" data-link=\"http:\/\/colegiosabioviver.com.br\/?attachment_id=2488\" class=\"wp-image-2488\" srcset=\"http:\/\/colegiosabioviver.com.br\/wp-content\/uploads\/2021\/12\/WhatsApp-Image-2021-12-01-at-12.15.36-2.jpeg 1024w, http:\/\/colegiosabioviver.com.br\/wp-content\/uploads\/2021\/12\/WhatsApp-Image-2021-12-01-at-12.15.36-2-600x450.jpeg 600w, http:\/\/colegiosabioviver.com.br\/wp-content\/uploads\/2021\/12\/WhatsApp-Image-2021-12-01-at-12.15.36-2-300x225.jpeg 300w, http:\/\/colegiosabioviver.com.br\/wp-content\/uploads\/2021\/12\/WhatsApp-Image-2021-12-01-at-12.15.36-2-768x576.jpeg 768w\" sizes=\"(max-width: 1024px) 100vw, 1024px\" \/><\/figure><\/li><li class=\"blocks-gallery-item\"><figure><img loading=\"lazy\" width=\"1024\" height=\"768\" src=\"http:\/\/colegiosabioviver.com.br\/wp-content\/uploads\/2021\/12\/WhatsApp-Image-2021-12-01-at-12.15.36-3.jpeg\" alt=\"\" data-id=\"2489\" data-full-url=\"http:\/\/colegiosabioviver.com.br\/wp-content\/uploads\/2021\/12\/WhatsApp-Image-2021-12-01-at-12.15.36-3.jpeg\" data-link=\"http:\/\/colegiosabioviver.com.br\/?attachment_id=2489\" class=\"wp-image-2489\" srcset=\"http:\/\/colegiosabioviver.com.br\/wp-content\/uploads\/2021\/12\/WhatsApp-Image-2021-12-01-at-12.15.36-3.jpeg 1024w, http:\/\/colegiosabioviver.com.br\/wp-content\/uploads\/2021\/12\/WhatsApp-Image-2021-12-01-at-12.15.36-3-600x450.jpeg 600w, http:\/\/colegiosabioviver.com.br\/wp-content\/uploads\/2021\/12\/WhatsApp-Image-2021-12-01-at-12.15.36-3-300x225.jpeg 300w, http:\/\/colegiosabioviver.com.br\/wp-content\/uploads\/2021\/12\/WhatsApp-Image-2021-12-01-at-12.15.36-3-768x576.jpeg 768w\" sizes=\"(max-width: 1024px) 100vw, 1024px\" \/><\/figure><\/li><li class=\"blocks-gallery-item\"><figure><img loading=\"lazy\" width=\"1024\" height=\"768\" src=\"http:\/\/colegiosabioviver.com.br\/wp-content\/uploads\/2021\/12\/WhatsApp-Image-2021-12-01-at-12.15.35-1.jpeg\" alt=\"\" data-id=\"2484\" data-full-url=\"http:\/\/colegiosabioviver.com.br\/wp-content\/uploads\/2021\/12\/WhatsApp-Image-2021-12-01-at-12.15.35-1.jpeg\" data-link=\"http:\/\/colegiosabioviver.com.br\/?attachment_id=2484\" class=\"wp-image-2484\" srcset=\"http:\/\/colegiosabioviver.com.br\/wp-content\/uploads\/2021\/12\/WhatsApp-Image-2021-12-01-at-12.15.35-1.jpeg 1024w, http:\/\/colegiosabioviver.com.br\/wp-content\/uploads\/2021\/12\/WhatsApp-Image-2021-12-01-at-12.15.35-1-600x450.jpeg 600w, http:\/\/colegiosabioviver.com.br\/wp-content\/uploads\/2021\/12\/WhatsApp-Image-2021-12-01-at-12.15.35-1-300x225.jpeg 300w, http:\/\/colegiosabioviver.com.br\/wp-content\/uploads\/2021\/12\/WhatsApp-Image-2021-12-01-at-12.15.35-1-768x576.jpeg 768w\" sizes=\"(max-width: 1024px) 100vw, 1024px\" \/><\/figure><\/li><li class=\"blocks-gallery-item\"><figure><img loading=\"lazy\" width=\"1024\" height=\"768\" src=\"http:\/\/colegiosabioviver.com.br\/wp-content\/uploads\/2021\/12\/WhatsApp-Image-2021-12-01-at-12.15.35-2.jpeg\" alt=\"\" data-id=\"2485\" data-full-url=\"http:\/\/colegiosabioviver.com.br\/wp-content\/uploads\/2021\/12\/WhatsApp-Image-2021-12-01-at-12.15.35-2.jpeg\" data-link=\"http:\/\/colegiosabioviver.com.br\/?attachment_id=2485\" class=\"wp-image-2485\" srcset=\"http:\/\/colegiosabioviver.com.br\/wp-content\/uploads\/2021\/12\/WhatsApp-Image-2021-12-01-at-12.15.35-2.jpeg 1024w, http:\/\/colegiosabioviver.com.br\/wp-content\/uploads\/2021\/12\/WhatsApp-Image-2021-12-01-at-12.15.35-2-600x450.jpeg 600w, http:\/\/colegiosabioviver.com.br\/wp-content\/uploads\/2021\/12\/WhatsApp-Image-2021-12-01-at-12.15.35-2-300x225.jpeg 300w, http:\/\/colegiosabioviver.com.br\/wp-content\/uploads\/2021\/12\/WhatsApp-Image-2021-12-01-at-12.15.35-2-768x576.jpeg 768w\" sizes=\"(max-width: 1024px) 100vw, 1024px\" \/><\/figure><\/li><\/ul><\/figure>\n<\/div>\n<\/div>\n<\/div>\n<\/div>\n<\/div><\/div>\n<\/div><\/div>\n\n\n\n<p><\/p>\n","protected":false},"excerpt":{"rendered":"Educa\u00e7\u00e3o Infantil Fundamental e Ensino M\u00e9dio","protected":false},"author":1,"featured_media":0,"parent":0,"menu_order":0,"comment_status":"open","ping_status":"open","template":"","meta":[],"_links":{"self":[{"href":"http:\/\/colegiosabioviver.com.br\/index.php?rest_route=\/wp\/v2\/pages\/1245"}],"collection":[{"href":"http:\/\/colegiosabioviver.com.br\/index.php?rest_route=\/wp\/v2\/pages"}],"about":[{"href":"http:\/\/colegiosabioviver.com.br\/index.php?rest_route=\/wp\/v2\/types\/page"}],"author":[{"embeddable":true,"href":"http:\/\/colegiosabioviver.com.br\/index.php?rest_route=\/wp\/v2\/users\/1"}],"replies":[{"embeddable":true,"href":"http:\/\/colegiosabioviver.com.br\/index.php?rest_route=%2Fwp%2Fv2%2Fcomments&post=1245"}],"version-history":[{"count":18,"href":"http:\/\/colegiosabioviver.com.br\/index.php?rest_route=\/wp\/v2\/pages\/1245\/revisions"}],"predecessor-version":[{"id":2522,"href":"http:\/\/colegiosabioviver.com.br\/index.php?rest_route=\/wp\/v2\/pages\/1245\/revisions\/2522"}],"wp:attachment":[{"href":"http:\/\/colegiosabioviver.com.br\/index.php?rest_route=%2Fwp%2Fv2%2Fmedia&parent=1245"}],"curies":[{"name":"wp","href":"https:\/\/api.w.org\/{rel}","templated":true}]}}