{"id":1609,"date":"2016-05-11T19:20:09","date_gmt":"2016-05-11T19:20:09","guid":{"rendered":"http:\/\/colegiosabioviver.com.br\/site\/?page_id=1609"},"modified":"2016-05-11T19:20:09","modified_gmt":"2016-05-11T19:20:09","slug":"colegio-sabio-viver","status":"publish","type":"page","link":"http:\/\/colegiosabioviver.com.br\/?page_id=1609","title":{"rendered":"Col\u00e9gio S\u00e1bio Viver"},"content":{"rendered":"<p>O Col\u00e9gio S\u00e1bio Viver, foi fundado em 7 de janeiro de 2003, com o nome de N\u00facleo de Educa\u00e7\u00e3o e Recrea\u00e7\u00e3o Infantil S\u00e1bio Viver.<br \/>\nA hist\u00f3ria do Col\u00e9gio S\u00e1bio Viver \u00e9 de um lindo sonho que ao longo destes anos vem se realizando com a ajuda de Deus e de toda minha equipe.<\/p>\n<p>A princ\u00edpio o Col\u00e9gio foi criado por uma necessidade pr\u00f3pria, eu n\u00e3o tinha com quem deixar meu filho Pedro Henrique que estava com 2 anos, para trabalhar no per\u00edodo de 10 horas por dia.<\/p>\n<p>Nesta \u00e9poca eu j\u00e1 estava formada h\u00e1 6 anos em pedagogia e P\u00f3s graduada e Administra\u00e7\u00e3o de Recursos Humanos e Treinamento, na inten\u00e7\u00e3o de fazer o melhor pelo meu filho decidi realizar um sonho de cuidar e lecionar para crian\u00e7a de 0 a 6 anos de idade.<\/p>\n<p>No in\u00edcio tudo foi uma grande luta, mas a cada dia em que as m\u00e3es me confiavam a vida de seus filhos, brotava dentro de meu cora\u00e7\u00e3o uma for\u00e7a maior de vencer os desafios. De fato a vit\u00f3ria chegou!<\/p>\n<p>A escolinha come\u00e7ou a crescer junto com os meus primeiros aluninhos e dia ap\u00f3s dia os pais indicavam nossa escola e outras crian\u00e7as eram matriculadas e faziam com que a escola fosse criando novas expectativas.<\/p>\n<p>Ap\u00f3s quatro anos trabalhando somente com a educa\u00e7\u00e3o Infantil, mais uma luta veio pelo frente conquistar a autoriza\u00e7\u00e3o para o Ensino Fundamental. E mais uma vit\u00f3ria conquistamos com honestidade e dedica\u00e7\u00e3o. Neste meio tempo o Pedro Henrique que hoje com nove anos e todos os meus queridos alunos que iniciaram a vida do S\u00e1bio Viver seguiram para o Ensino Fundamental para a tranq\u00fcilidade de n\u00f3s pais e professores, pois \u00e9 muito dif\u00edcil ver um aluninho sair do Ensino Infantil para o Ensino Fundamental, eles deixam muita saudade em nossos cora\u00e7\u00f5es e no ano de 2007 essa saudade foi menor pois essa nova conquista 95% de nossos alunos continuaram conosco.<\/p>\n<p>\u00c9 com muito orgulho e com o cora\u00e7\u00e3o cheio de felicidade que digo que esta vit\u00f3ria n\u00e3o \u00e9 somente minha, eu a divido com os pais que confiam e respeitam o meu trabalho, minha fam\u00edlia, meus colaboradores que hoje tenho como amigos e fornecedores. A luta continuar\u00e1 para que nosso Col\u00e9gio cres\u00e7a sem perder a qualidade que sempre ser\u00e1 o nosso objetivo maior, erros acontecem por\u00e9m procuramos acertar muito mais .<\/p>\n<p>Fica aqui um grande abra\u00e7o e um beijo no cora\u00e7\u00e3o de todos meus alunos que amo como meus filhos e tamb\u00e9m a todos os pais que tenho uma profunda admira\u00e7\u00e3o e respeito.<\/p>\n<p>&#8220;Ontem eu sonhava Hoje eu agrade\u00e7o a Deus.&#8221;<\/p>\n<p>Cl\u00e1udia de C\u00e1ssia Peres da Silva.<\/p>\n","protected":false},"excerpt":{"rendered":"<p>O Col\u00e9gio S\u00e1bio Viver, foi fundado em 7 de janeiro de 2003, com o nome de N\u00facleo de Educa\u00e7\u00e3o e Recrea\u00e7\u00e3o Infantil S\u00e1bio Viver. A hist\u00f3ria do Col\u00e9gio S\u00e1bio Viver \u00e9 de um lindo sonho que ao longo destes anos vem se realizando com a ajuda de Deus e de toda minha equipe. A princ\u00edpio [&hellip;]<\/p>\n","protected":false},"author":1,"featured_media":0,"parent":0,"menu_order":0,"comment_status":"closed","ping_status":"closed","template":"","meta":[],"_links":{"self":[{"href":"http:\/\/colegiosabioviver.com.br\/index.php?rest_route=\/wp\/v2\/pages\/1609"}],"collection":[{"href":"http:\/\/colegiosabioviver.com.br\/index.php?rest_route=\/wp\/v2\/pages"}],"about":[{"href":"http:\/\/colegiosabioviver.com.br\/index.php?rest_route=\/wp\/v2\/types\/page"}],"author":[{"embeddable":true,"href":"http:\/\/colegiosabioviver.com.br\/index.php?rest_route=\/wp\/v2\/users\/1"}],"replies":[{"embeddable":true,"href":"http:\/\/colegiosabioviver.com.br\/index.php?rest_route=%2Fwp%2Fv2%2Fcomments&post=1609"}],"version-history":[{"count":1,"href":"http:\/\/colegiosabioviver.com.br\/index.php?rest_route=\/wp\/v2\/pages\/1609\/revisions"}],"predecessor-version":[{"id":1610,"href":"http:\/\/colegiosabioviver.com.br\/index.php?rest_route=\/wp\/v2\/pages\/1609\/revisions\/1610"}],"wp:attachment":[{"href":"http:\/\/colegiosabioviver.com.br\/index.php?rest_route=%2Fwp%2Fv2%2Fmedia&parent=1609"}],"curies":[{"name":"wp","href":"https:\/\/api.w.org\/{rel}","templated":true}]}}