{"id":1622,"date":"2016-05-11T19:47:57","date_gmt":"2016-05-11T19:47:57","guid":{"rendered":"http:\/\/colegiosabioviver.com.br\/site\/?page_id=1622"},"modified":"2016-05-23T14:27:37","modified_gmt":"2016-05-23T14:27:37","slug":"calendario","status":"publish","type":"page","link":"http:\/\/colegiosabioviver.com.br\/?page_id=1622","title":{"rendered":"CALEND\u00c1RIO ANUAL"},"content":{"rendered":"<div class=\"vc_row wpb_row vc_row-fluid\"><div class=\"wpb_column vc_column_container vc_col-sm-12\"><div class=\"wpb_wrapper\">\n\t<div class=\"wpb_text_column wpb_content_element \">\n\t\t<div class=\"wpb_wrapper\">\n\t\t\t<p>Em Breve nosso Calend\u00e1rio Anual<\/p>\n\n\t\t<\/div> \n\t<\/div> <\/div><\/div><\/div><div class=\"vc_row wpb_row vc_row-fluid\"><div class=\"wpb_column vc_column_container vc_col-sm-12\"><div class=\"wpb_wrapper\">\n\t<h4 class=\"course_title\">Calend\u00e1rio Anual<\/h4>\n\t<div class=\"course_lessons_section\">\n\t\t<div class=\"panel-group\" id=\"accordion_7871\" role=\"tablist\" aria-multiselectable=\"true\">\n\t\t\t\n<div class=\"panel panel-default\">\n\t<div class=\"panel-heading\" role=\"tab\" id=\"heading_tab5529\">\n\t\t<div class=\"course_meta_data\">\n\t\t\t<div class=\"panel-title\">\n\t\t\t\t<a class=\"collapsed tapable\" role=\"button\" data-toggle=\"collapse\"  href=\"#tab5529\" aria-expanded=\"false\" aria-controls=\"collapseOne\">\n\t\t\t\t<table class=\"course_table\">\n\t\t\t\t\t<tr>\n\t\t\t\t\t\t<td class=\"number\"><\/td>\n\t\t\t\t\t\t\n\t\t\t\t\t\t<td class=\"icon\">\n\t\t\t\t\t\t\t\t\t\t\t\t\t\t\t<i class=\"fa fa-icon-stm_icon_teacher\"><\/i>\n\t\t\t\t\t\t\t\t\t\t\t\t\t<\/td>\n\t\t\t\t\t\t\n\t\t\t\t\t\t\t\t\t\t\t\t\t<td class=\"title\">\n\t\t\t\t\t\t\t\t<strong>Calend\u00e1rio<\/strong>\n\t\t\t\t\t\t\t\t<i class=\"fa fa-sort-down\"><\/i>\t\t\t\t\t\t\t<\/td>\n\t\t\t\t\t\t\t\t\t\t\t\t\n\t\t\t\t\t\t<td class=\"stm_badge\">\n\t\t\t\t\t\t\t\t\t\t\t\t\t<\/td>\n\t\t\t\t\t\t\n\t\t\t\t\t\t<td class=\"meta\">\n\t\t\t\t\t\t\t\t\t\t\t\t\t<\/td>\n\t\t\t\t\t<\/tr>\n\t\t\t\t<\/table>\n\t\t\t\t<\/a>\n\t\t\t<\/div>\n\t\t<\/div>\n\t<\/div>\n\t\t\t<div id=\"tab5529\" class=\"panel-collapse collapse\" role=\"tabpanel\" aria-labelledby=\"heading_tab5529\">\n\t\t\t<div class=\"panel-body\">\n\t\t\t\t<br \/>\n\t\t\t<\/div>\n\t\t<\/div>\n\t<\/div>\t\t<\/div>\n\t<\/div>\n<\/div><\/div><\/div>\n","protected":false},"excerpt":{"rendered":"Em Breve nosso Calend\u00e1rio Anual Calend\u00e1rio Anual Calend\u00e1rio","protected":false},"author":1,"featured_media":0,"parent":0,"menu_order":0,"comment_status":"closed","ping_status":"closed","template":"","meta":[],"_links":{"self":[{"href":"http:\/\/colegiosabioviver.com.br\/index.php?rest_route=\/wp\/v2\/pages\/1622"}],"collection":[{"href":"http:\/\/colegiosabioviver.com.br\/index.php?rest_route=\/wp\/v2\/pages"}],"about":[{"href":"http:\/\/colegiosabioviver.com.br\/index.php?rest_route=\/wp\/v2\/types\/page"}],"author":[{"embeddable":true,"href":"http:\/\/colegiosabioviver.com.br\/index.php?rest_route=\/wp\/v2\/users\/1"}],"replies":[{"embeddable":true,"href":"http:\/\/colegiosabioviver.com.br\/index.php?rest_route=%2Fwp%2Fv2%2Fcomments&post=1622"}],"version-history":[{"count":9,"href":"http:\/\/colegiosabioviver.com.br\/index.php?rest_route=\/wp\/v2\/pages\/1622\/revisions"}],"predecessor-version":[{"id":1742,"href":"http:\/\/colegiosabioviver.com.br\/index.php?rest_route=\/wp\/v2\/pages\/1622\/revisions\/1742"}],"wp:attachment":[{"href":"http:\/\/colegiosabioviver.com.br\/index.php?rest_route=%2Fwp%2Fv2%2Fmedia&parent=1622"}],"curies":[{"name":"wp","href":"https:\/\/api.w.org\/{rel}","templated":true}]}}