{"id":1681,"date":"2016-05-12T15:46:47","date_gmt":"2016-05-12T15:46:47","guid":{"rendered":"http:\/\/colegiosabioviver.com.br\/site\/?page_id=1681"},"modified":"2016-05-12T15:46:47","modified_gmt":"2016-05-12T15:46:47","slug":"ensino-fundamental","status":"publish","type":"page","link":"http:\/\/colegiosabioviver.com.br\/?page_id=1681","title":{"rendered":"Ensino Fundamental"},"content":{"rendered":"<p>Unidade II &#8211; Ensino Fundamental: Ensino Fundamental 1\u00ba ano ao 9 \u00ba ano.<\/p>\n<p>A educa\u00e7\u00e3o b\u00e1sica \u00e9 o caminho para assegurar a todos os brasileiros a forma\u00e7\u00e3o comum indispens\u00e1vel para o exerc\u00edcio da cidadania e fornecer-lhes os meios para progredir no trabalho e em estudos posteriores. Por esta raz\u00e3o, contamos com profissionais especializados, que buscam ampliar o universo de nossos alunos, ajudando e os preparando neste trabalho, com a initerrupta supervis\u00e3o e apoio da coordenadora, visando assim, maiores oportunidades de aprendizado e, com isso, forma\u00e7\u00e3o mais ampla.<\/p>\n","protected":false},"excerpt":{"rendered":"<p>Unidade II &#8211; Ensino Fundamental: Ensino Fundamental 1\u00ba ano ao 9 \u00ba ano. A educa\u00e7\u00e3o b\u00e1sica \u00e9 o caminho para assegurar a todos os brasileiros a forma\u00e7\u00e3o comum indispens\u00e1vel para o exerc\u00edcio da cidadania e fornecer-lhes os meios para progredir no trabalho e em estudos posteriores. Por esta raz\u00e3o, contamos com profissionais especializados, que buscam [&hellip;]<\/p>\n","protected":false},"author":1,"featured_media":0,"parent":0,"menu_order":0,"comment_status":"closed","ping_status":"closed","template":"","meta":[],"_links":{"self":[{"href":"http:\/\/colegiosabioviver.com.br\/index.php?rest_route=\/wp\/v2\/pages\/1681"}],"collection":[{"href":"http:\/\/colegiosabioviver.com.br\/index.php?rest_route=\/wp\/v2\/pages"}],"about":[{"href":"http:\/\/colegiosabioviver.com.br\/index.php?rest_route=\/wp\/v2\/types\/page"}],"author":[{"embeddable":true,"href":"http:\/\/colegiosabioviver.com.br\/index.php?rest_route=\/wp\/v2\/users\/1"}],"replies":[{"embeddable":true,"href":"http:\/\/colegiosabioviver.com.br\/index.php?rest_route=%2Fwp%2Fv2%2Fcomments&post=1681"}],"version-history":[{"count":1,"href":"http:\/\/colegiosabioviver.com.br\/index.php?rest_route=\/wp\/v2\/pages\/1681\/revisions"}],"predecessor-version":[{"id":1682,"href":"http:\/\/colegiosabioviver.com.br\/index.php?rest_route=\/wp\/v2\/pages\/1681\/revisions\/1682"}],"wp:attachment":[{"href":"http:\/\/colegiosabioviver.com.br\/index.php?rest_route=%2Fwp%2Fv2%2Fmedia&parent=1681"}],"curies":[{"name":"wp","href":"https:\/\/api.w.org\/{rel}","templated":true}]}}