{"id":1620,"date":"2016-05-11T19:46:39","date_gmt":"2016-05-11T19:46:39","guid":{"rendered":"http:\/\/colegiosabioviver.com.br\/site\/?page_id=1620"},"modified":"2016-05-11T19:46:39","modified_gmt":"2016-05-11T19:46:39","slug":"proposta-pedagogica","status":"publish","type":"page","link":"https:\/\/colegiosabioviver.com.br\/?page_id=1620","title":{"rendered":"Proposta Pedag\u00f3gica"},"content":{"rendered":"<p>O Col\u00e9gio S\u00e1bio Viver tem em sua Proposta Pedag\u00f3cia a finalidade e o objetivo de oferecer servi\u00e7os na \u00e1rea de Ensino da Educa\u00e7\u00e3o Infantil ao Ensino Fundamental, que vai desde o ber\u00e7\u00e1rio ao 9\u00ba ano, de acordo com o disposto na LDB 9394\/96, Delibera\u00e7\u00e3o CEE 01\/99 e Indica\u00e7\u00e3o CEE 04\/99 do Conselho Estadual de Educa\u00e7\u00e3o de S\u00e3o Paulo.<\/p>\n<p>O Col\u00e9gio S\u00e1bio Viver atuar\u00e1 sempre em conson\u00e2ncia com os objetivos fixados nas diretrizes e bases da Educa\u00e7\u00e3o Nacional. O Col\u00e9gio S\u00e1bio Viver procurar\u00e1 desenvolver a forma\u00e7\u00e3o harm\u00f4nica e integral da crian\u00e7a, no seu aspecto f\u00edsico e mental. Dentro disto podemos resumir nossos objetivos em tr\u00eas \u00e1reas:<\/p>\n<p>I. Acad\u00eamica: levar o aluno a alcan\u00e7ar disciplina e equil\u00edbrio no entendimento, atrav\u00e9s de conhecimentos e habilidades, desenvolvendo a iniciativa, a criatividade e o racioc\u00ednio.<\/p>\n<p>II. Social: preparar o aluno para ser um cidad\u00e3o socialmente est\u00e1vel, que aplica conceitos morais elevados a um mundo em constante mudan\u00e7a, sendo capaz de encontrar sua voca\u00e7\u00e3o na comunidade e contribuir para o seu desenvolvimento social, pol\u00edtico e tecnol\u00f3gico.<\/p>\n<p>III. F\u00edsica: possibilitar um desenvolvimento motor compat\u00edvel com sua idade e levando-o a adquirir h\u00e1bitos de higiene e sa\u00fade que desenvolvam o senso de cuidado do pr\u00f3prio corpo e estimulem a pr\u00e1tica de atividades esportivas.<\/p>\n<p>Com rela\u00e7\u00e3o \u00e0 \u00e1rea de Educa\u00e7\u00e3o Infantil, temos ainda:<\/p>\n<p>1. Propiciar a aquisi\u00e7\u00e3o de comportamentos e conhecimentos b\u00e1sicos requeridos para efici\u00eancia da aprendizagem exigida pelo Ensino Fundamental, e o desenvolvimento do racioc\u00ednio criativo.<\/p>\n<p>2. Criar condi\u00e7\u00f5es para que a crian\u00e7a vivencie experi\u00eancias que favore\u00e7am o desenvolvimento harmonioso de sua personalidade; contextualizar a crian\u00e7a na linguagem formal, socializ\u00e1-la no grupo, prover atividades recreativas e pedag\u00f3gicas agrad\u00e1veis que geram motiva\u00e7\u00f5es adequadas para o aprendizado.<\/p>\n<p>3. Possibilitar o desenvolvimento motor compat\u00edvel com sua idade e lev\u00e1-lo a adquirir h\u00e1bitos de higiene e sa\u00fade, que desenvolvam o senso de cuidado do corpo; promover coordena\u00e7\u00e3o viso-motor e orienta\u00e7\u00e3o espacial.<\/p>\n","protected":false},"excerpt":{"rendered":"<p>O Col\u00e9gio S\u00e1bio Viver tem em sua Proposta Pedag\u00f3cia a finalidade e o objetivo de oferecer servi\u00e7os na \u00e1rea de Ensino da Educa\u00e7\u00e3o Infantil ao Ensino Fundamental, que vai desde o ber\u00e7\u00e1rio ao 9\u00ba ano, de acordo com o disposto na LDB 9394\/96, Delibera\u00e7\u00e3o CEE 01\/99 e Indica\u00e7\u00e3o CEE 04\/99 do Conselho Estadual de Educa\u00e7\u00e3o [&hellip;]<\/p>\n","protected":false},"author":1,"featured_media":0,"parent":0,"menu_order":0,"comment_status":"closed","ping_status":"closed","template":"","meta":[],"_links":{"self":[{"href":"https:\/\/colegiosabioviver.com.br\/index.php?rest_route=\/wp\/v2\/pages\/1620"}],"collection":[{"href":"https:\/\/colegiosabioviver.com.br\/index.php?rest_route=\/wp\/v2\/pages"}],"about":[{"href":"https:\/\/colegiosabioviver.com.br\/index.php?rest_route=\/wp\/v2\/types\/page"}],"author":[{"embeddable":true,"href":"https:\/\/colegiosabioviver.com.br\/index.php?rest_route=\/wp\/v2\/users\/1"}],"replies":[{"embeddable":true,"href":"https:\/\/colegiosabioviver.com.br\/index.php?rest_route=%2Fwp%2Fv2%2Fcomments&post=1620"}],"version-history":[{"count":1,"href":"https:\/\/colegiosabioviver.com.br\/index.php?rest_route=\/wp\/v2\/pages\/1620\/revisions"}],"predecessor-version":[{"id":1621,"href":"https:\/\/colegiosabioviver.com.br\/index.php?rest_route=\/wp\/v2\/pages\/1620\/revisions\/1621"}],"wp:attachment":[{"href":"https:\/\/colegiosabioviver.com.br\/index.php?rest_route=%2Fwp%2Fv2%2Fmedia&parent=1620"}],"curies":[{"name":"wp","href":"https:\/\/api.w.org\/{rel}","templated":true}]}}